{"id":67,"date":"2015-09-30T16:33:32","date_gmt":"2015-09-30T16:33:32","guid":{"rendered":"http:\/\/mercuriopubli.com.ar\/web\/?page_id=67"},"modified":"2022-05-30T20:42:12","modified_gmt":"2022-05-30T20:42:12","slug":"contact","status":"publish","type":"page","link":"https:\/\/mercurio.group\/en\/contact\/","title":{"rendered":"CONTACTO"},"content":{"rendered":"<p>[et_pb_section fb_built=&#8221;1&#8243; fullwidth=&#8221;on&#8221; admin_label=&#8221;section&#8221; _builder_version=&#8221;3.22.3&#8243;][et_pb_fullwidth_map zoom_level=&#8221;3&#8243; address_lat=&#8221;0.23341051560661&#8243; address_lng=&#8221;1.940362024626&#8243; admin_label=&#8221;Fullwidth Map&#8221; _builder_version=&#8221;4.9.4&#8243;][et_pb_map_pin title=&#8221;ROSARIO&#8221; pin_address=&#8221;Corrientes 729, S2000BKL Rosario, Santa Fe, Argentina&#8221; zoom_level=&#8221;15&#8243; pin_address_lat=&#8221;-32.945013095702&#8243; pin_address_lng=&#8221;-60.641857960388&#8243; _builder_version=&#8221;4.6.3&#8243;][\/et_pb_map_pin][et_pb_map_pin title=&#8221;DUBAI&#8221; pin_address=&#8221;Sarmiento 1155, Concordia, Entre R\u00edos, Argentina&#8221; zoom_level=&#8221;14&#8243; pin_address_lat=&#8221;25.201640610807&#8243; pin_address_lng=&#8221;55.269899368286&#8243; _builder_version=&#8221;4.6.3&#8243; _module_preset=&#8221;default&#8221;][\/et_pb_map_pin][\/et_pb_fullwidth_map][\/et_pb_section][et_pb_section fb_built=&#8221;1&#8243; admin_label=&#8221;section&#8221; _builder_version=&#8221;4.9.4&#8243; background_image=&#8221;https:\/\/mercurio.group\/wp-content\/uploads\/2021\/05\/25099-scaled.jpg&#8221;][et_pb_row _builder_version=&#8221;4.9.4&#8243; _module_preset=&#8221;default&#8221;][et_pb_column type=&#8221;4_4&#8243; _builder_version=&#8221;4.9.4&#8243; _module_preset=&#8221;default&#8221;][et_pb_text _builder_version=&#8221;4.9.4&#8243; _module_preset=&#8221;default&#8221; text_font=&#8221;Montserrat|800|||||||&#8221; text_text_color=&#8221;#F61254&#8243; text_font_size=&#8221;46px&#8221; text_orientation=&#8221;center&#8221; text_text_shadow_style=&#8221;preset4&#8243;]CONT\u00c1CTENOS[\/et_pb_text][\/et_pb_column][\/et_pb_row][et_pb_row _builder_version=&#8221;4.9.4&#8243; _module_preset=&#8221;default&#8221;][et_pb_column type=&#8221;4_4&#8243; _builder_version=&#8221;4.9.4&#8243; _module_preset=&#8221;default&#8221; background_color=&#8221;#f9f9f9&#8243; border_radii=&#8221;on|19px|19px|19px|19px&#8221;][et_pb_blurb title=&#8221;E-MAIL&#8221; use_icon=&#8221;on&#8221; font_icon=&#8221;%%109%%&#8221; _builder_version=&#8221;4.9.4&#8243; _module_preset=&#8221;default&#8221; header_font=&#8221;Montserrat|700|||||||&#8221; header_text_align=&#8221;center&#8221; header_text_color=&#8221;#F61254&#8243; header_font_size=&#8221;26px&#8221; body_font=&#8221;Montserrat|500|||||||&#8221; body_text_align=&#8221;center&#8221; body_text_color=&#8221;#7484BC&#8221; body_font_size=&#8221;19px&#8221; body_line_height=&#8221;1.2em&#8221; custom_margin=&#8221;24px||5px||false|false&#8221;]<\/p>\n<p>info@mercurio.group<\/p>\n<p><span style=\"font-weight: 400;\">\u00a0<\/span><\/p>\n<p>[\/et_pb_blurb][\/et_pb_column][\/et_pb_row][et_pb_row column_structure=&#8221;1_2,1_2&#8243; _builder_version=&#8221;4.9.4&#8243; _module_preset=&#8221;default&#8221;][et_pb_column type=&#8221;1_2&#8243; _builder_version=&#8221;4.9.4&#8243; _module_preset=&#8221;default&#8221; background_color=&#8221;#f9f9f9&#8243; border_radii=&#8221;on|19px|19px|19px|19px&#8221;][et_pb_blurb title=&#8221;ROSARIO&#8221; use_icon=&#8221;on&#8221; font_icon=&#8221;%%122%%&#8221; _builder_version=&#8221;4.9.4&#8243; _module_preset=&#8221;default&#8221; header_font=&#8221;Montserrat|700|||||||&#8221; header_text_align=&#8221;center&#8221; header_text_color=&#8221;#F61254&#8243; header_font_size=&#8221;26px&#8221; body_font=&#8221;Montserrat|500|||||||&#8221; body_text_align=&#8221;center&#8221; body_text_color=&#8221;#7484BC&#8221; body_font_size=&#8221;16px&#8221; body_line_height=&#8221;1.2em&#8221; custom_margin=&#8221;15px||15px||true|false&#8221; custom_padding=&#8221;51px|27px|51px|27px|true|true&#8221;]<\/p>\n<p><span style=\"font-weight: 400;\">Corrientes 729, Piso 4 Oficina 1 \u2013 Rosario, <br \/>Provincia de Santa Fe, Argentina.<\/span><\/p>\n<p>[\/et_pb_blurb][\/et_pb_column][et_pb_column type=&#8221;1_2&#8243; _builder_version=&#8221;4.9.4&#8243; _module_preset=&#8221;default&#8221; background_color=&#8221;#f9f9f9&#8243; border_radii=&#8221;on|19px|19px|19px|19px&#8221;][et_pb_blurb title=&#8221;DUBAI&#8221; use_icon=&#8221;on&#8221; font_icon=&#8221;%%122%%&#8221; _builder_version=&#8221;4.9.4&#8243; _module_preset=&#8221;default&#8221; header_font=&#8221;Montserrat|700|||||||&#8221; header_text_align=&#8221;center&#8221; header_text_color=&#8221;#F61254&#8243; header_font_size=&#8221;26px&#8221; body_font=&#8221;Montserrat|500|||||||&#8221; body_text_align=&#8221;center&#8221; body_text_color=&#8221;#7484BC&#8221; body_font_size=&#8221;16px&#8221; body_line_height=&#8221;1.2em&#8221; custom_margin=&#8221;15px||15px||true|false&#8221; custom_padding=&#8221;23px|27px|23px|27px|true|true&#8221;]<\/p>\n<p><span style=\"font-weight: 400;\">Oficina 1601, 48 Burj Gate,<br \/>Sheikh Zayed Road,<br \/>Centro de Dub\u00e1i<br \/>Tel: +971 4 404 8787<br \/>P.O.Box 34938<\/span><\/p>\n<p>[\/et_pb_blurb][\/et_pb_column][\/et_pb_row][et_pb_row _builder_version=&#8221;4.9.4&#8243; _module_preset=&#8221;default&#8221; box_shadow_style=&#8221;preset3&#8243; box_shadow_spread=&#8221;-16px&#8221;][et_pb_column type=&#8221;4_4&#8243; _builder_version=&#8221;4.9.4&#8243; _module_preset=&#8221;default&#8221; background_color=&#8221;#f9f9f9&#8243; border_radii=&#8221;on|19px|19px|19px|19px&#8221;][et_pb_blurb use_icon=&#8221;on&#8221; font_icon=&#8221;%%264%%&#8221; _builder_version=&#8221;4.9.4&#8243; _module_preset=&#8221;default&#8221; header_font=&#8221;Montserrat|700|||||||&#8221; header_text_align=&#8221;center&#8221; header_text_color=&#8221;#F61254&#8243; header_font_size=&#8221;26px&#8221; body_font=&#8221;Montserrat|500|||||||&#8221; body_text_align=&#8221;center&#8221; body_text_color=&#8221;#7484BC&#8221; body_font_size=&#8221;19px&#8221; body_line_height=&#8221;1.2em&#8221; custom_margin=&#8221;22px||5px||false|false&#8221; custom_padding=&#8221;27px|27px|27px|27px|true|true&#8221;]<\/p>\n<p style=\"text-align: center;\">Lic. Pablo Tramannoni Pozzi<br \/>Propietario y Director General<br \/>Tel\u00e9fono m\u00f3vil: +54 9341 5500864<\/p>\n<p>[\/et_pb_blurb][\/et_pb_column][\/et_pb_row][\/et_pb_section]<\/p>\n","protected":false},"excerpt":{"rendered":"<p>CONT\u00c1CTENOSinfo@mercurio.group \u00a0Corrientes 729, Piso 4 Oficina 1 \u2013 Rosario, Provincia de Santa Fe, Argentina.Oficina 1601, 48 Burj Gate,Sheikh Zayed Road,Centro de Dub\u00e1iTel: +971 4 404 8787P.O.Box 34938Lic. Pablo Tramannoni PozziPropietario y Director GeneralTel\u00e9fono m\u00f3vil: +54 9341 5500864<\/p>","protected":false},"author":2,"featured_media":0,"parent":0,"menu_order":0,"comment_status":"closed","ping_status":"closed","template":"","meta":{"_et_pb_use_builder":"on","_et_pb_old_content":"","_et_gb_content_width":"","footnotes":""},"class_list":["post-67","page","type-page","status-publish","hentry"],"yoast_head":"<!-- This site is optimized with the Yoast SEO plugin v27.5 - https:\/\/yoast.com\/product\/yoast-seo-wordpress\/ -->\n<title>CONTACTO | Mercurio Group - Marketing - Transformaci\u00f3n Digital - Desarrollo de Negocios<\/title>\n<meta name=\"robots\" content=\"index, follow, max-snippet:-1, max-image-preview:large, max-video-preview:-1\" \/>\n<link rel=\"canonical\" href=\"https:\/\/mercurio.group\/en\/contact\/\" \/>\n<meta property=\"og:locale\" content=\"en_US\" \/>\n<meta property=\"og:type\" content=\"article\" \/>\n<meta property=\"og:title\" content=\"CONTACTO | Mercurio Group - Marketing - Transformaci\u00f3n Digital - Desarrollo de Negocios\" \/>\n<meta property=\"og:description\" content=\"CONT\u00c1CTENOSinfo@mercurio.group \u00a0Corrientes 729, Piso 4 Oficina 1 \u2013 Rosario, Provincia de Santa Fe, Argentina.Oficina 1601, 48 Burj Gate,Sheikh Zayed Road,Centro de Dub\u00e1iTel: +971 4 404 8787P.O.Box 34938Lic. Pablo Tramannoni PozziPropietario y Director GeneralTel\u00e9fono m\u00f3vil: +54 9341 5500864\" \/>\n<meta property=\"og:url\" content=\"https:\/\/mercurio.group\/en\/contact\/\" \/>\n<meta property=\"og:site_name\" content=\"Mercurio Group - Marketing - Transformaci\u00f3n Digital - Desarrollo de Negocios\" \/>\n<meta property=\"article:modified_time\" content=\"2022-05-30T20:42:12+00:00\" \/>\n<meta name=\"twitter:card\" content=\"summary_large_image\" \/>\n<meta name=\"twitter:label1\" content=\"Est. reading time\" \/>\n\t<meta name=\"twitter:data1\" content=\"2 minutes\" \/>\n<script type=\"application\/ld+json\" class=\"yoast-schema-graph\">{\"@context\":\"https:\\\/\\\/schema.org\",\"@graph\":[{\"@type\":\"WebPage\",\"@id\":\"https:\\\/\\\/mercurio.group\\\/contact\\\/\",\"url\":\"https:\\\/\\\/mercurio.group\\\/contact\\\/\",\"name\":\"CONTACTO | Mercurio Group - Marketing - Transformaci\u00f3n Digital - Desarrollo de Negocios\",\"isPartOf\":{\"@id\":\"https:\\\/\\\/mercurio.group\\\/#website\"},\"datePublished\":\"2015-09-30T16:33:32+00:00\",\"dateModified\":\"2022-05-30T20:42:12+00:00\",\"inLanguage\":\"en-US\",\"potentialAction\":[{\"@type\":\"ReadAction\",\"target\":[\"https:\\\/\\\/mercurio.group\\\/contact\\\/\"]}]},{\"@type\":\"WebSite\",\"@id\":\"https:\\\/\\\/mercurio.group\\\/#website\",\"url\":\"https:\\\/\\\/mercurio.group\\\/\",\"name\":\"Mercurio Group - Marketing - Transformaci\u00f3n Digital - Desarrollo de Negocios\",\"description\":\"Consultora especializada en Marketing, Transformaci\u00f3n Digital y Desarrollo de Negocios\",\"potentialAction\":[{\"@type\":\"SearchAction\",\"target\":{\"@type\":\"EntryPoint\",\"urlTemplate\":\"https:\\\/\\\/mercurio.group\\\/?s={search_term_string}\"},\"query-input\":{\"@type\":\"PropertyValueSpecification\",\"valueRequired\":true,\"valueName\":\"search_term_string\"}}],\"inLanguage\":\"en-US\"}]}<\/script>\n<!-- \/ Yoast SEO plugin. -->","yoast_head_json":{"title":"CONTACTO | Mercurio Group - Marketing - Transformaci\u00f3n Digital - Desarrollo de Negocios","robots":{"index":"index","follow":"follow","max-snippet":"max-snippet:-1","max-image-preview":"max-image-preview:large","max-video-preview":"max-video-preview:-1"},"canonical":"https:\/\/mercurio.group\/en\/contact\/","og_locale":"en_US","og_type":"article","og_title":"CONTACTO | Mercurio Group - Marketing - Transformaci\u00f3n Digital - Desarrollo de Negocios","og_description":"CONT\u00c1CTENOSinfo@mercurio.group \u00a0Corrientes 729, Piso 4 Oficina 1 \u2013 Rosario, Provincia de Santa Fe, Argentina.Oficina 1601, 48 Burj Gate,Sheikh Zayed Road,Centro de Dub\u00e1iTel: +971 4 404 8787P.O.Box 34938Lic. Pablo Tramannoni PozziPropietario y Director GeneralTel\u00e9fono m\u00f3vil: +54 9341 5500864","og_url":"https:\/\/mercurio.group\/en\/contact\/","og_site_name":"Mercurio Group - Marketing - Transformaci\u00f3n Digital - Desarrollo de Negocios","article_modified_time":"2022-05-30T20:42:12+00:00","twitter_card":"summary_large_image","twitter_misc":{"Est. reading time":"2 minutes"},"schema":{"@context":"https:\/\/schema.org","@graph":[{"@type":"WebPage","@id":"https:\/\/mercurio.group\/contact\/","url":"https:\/\/mercurio.group\/contact\/","name":"CONTACTO | Mercurio Group - Marketing - Transformaci\u00f3n Digital - Desarrollo de Negocios","isPartOf":{"@id":"https:\/\/mercurio.group\/#website"},"datePublished":"2015-09-30T16:33:32+00:00","dateModified":"2022-05-30T20:42:12+00:00","inLanguage":"en-US","potentialAction":[{"@type":"ReadAction","target":["https:\/\/mercurio.group\/contact\/"]}]},{"@type":"WebSite","@id":"https:\/\/mercurio.group\/#website","url":"https:\/\/mercurio.group\/","name":"Mercurio Group - Marketing - Transformaci\u00f3n Digital - Desarrollo de Negocios","description":"Consultora especializada en Marketing, Transformaci\u00f3n Digital y Desarrollo de Negocios","potentialAction":[{"@type":"SearchAction","target":{"@type":"EntryPoint","urlTemplate":"https:\/\/mercurio.group\/?s={search_term_string}"},"query-input":{"@type":"PropertyValueSpecification","valueRequired":true,"valueName":"search_term_string"}}],"inLanguage":"en-US"}]}},"_links":{"self":[{"href":"https:\/\/mercurio.group\/en\/wp-json\/wp\/v2\/pages\/67","targetHints":{"allow":["GET"]}}],"collection":[{"href":"https:\/\/mercurio.group\/en\/wp-json\/wp\/v2\/pages"}],"about":[{"href":"https:\/\/mercurio.group\/en\/wp-json\/wp\/v2\/types\/page"}],"author":[{"embeddable":true,"href":"https:\/\/mercurio.group\/en\/wp-json\/wp\/v2\/users\/2"}],"replies":[{"embeddable":true,"href":"https:\/\/mercurio.group\/en\/wp-json\/wp\/v2\/comments?post=67"}],"version-history":[{"count":37,"href":"https:\/\/mercurio.group\/en\/wp-json\/wp\/v2\/pages\/67\/revisions"}],"predecessor-version":[{"id":216125,"href":"https:\/\/mercurio.group\/en\/wp-json\/wp\/v2\/pages\/67\/revisions\/216125"}],"wp:attachment":[{"href":"https:\/\/mercurio.group\/en\/wp-json\/wp\/v2\/media?parent=67"}],"curies":[{"name":"wp","href":"https:\/\/api.w.org\/{rel}","templated":true}]}}